{"id":10168,"date":"2025-08-28T20:49:05","date_gmt":"2025-08-28T18:49:05","guid":{"rendered":"https:\/\/wm-sport.seaphoenix.de\/?post_type=product&#038;p=10168"},"modified":"2025-09-12T15:15:16","modified_gmt":"2025-09-12T13:15:16","slug":"minitrikots","status":"publish","type":"product","link":"https:\/\/wm-sport.de\/en\/product\/minitrikots\/","title":{"rendered":"Mini jerseys"},"content":{"rendered":"<p data-start=\"93\" data-end=\"131\"><strong data-start=\"93\" data-end=\"129\">Mini jerseys - Small &amp; eye-catching<\/strong><\/p>\n<p data-start=\"133\" data-end=\"154\"><strong data-start=\"133\" data-end=\"152\">Product details:<\/strong><\/p>\n<ul data-start=\"155\" data-end=\"404\">\n<li data-start=\"155\" data-end=\"225\">\n<p data-start=\"157\" data-end=\"225\">Size: approx. 17 x 17 cm - perfect for the car, office or as a fan item<\/p>\n<\/li>\n<li data-start=\"226\" data-end=\"315\">\n<p data-start=\"228\" data-end=\"315\">Can be printed in multiple colours - can be customised with club logo, motif or lettering<\/p>\n<\/li>\n<li data-start=\"316\" data-end=\"404\">\n<p data-start=\"318\" data-end=\"404\">Including suction cup - easy to attach to the windscreen as a classic car jersey<\/p>\n<\/li>\n<\/ul>","protected":false},"excerpt":{"rendered":"<p>Mini-Trikots \u2013 Klein &amp; auff\u00e4llig Produktdetails: Gr\u00f6\u00dfe: ca. 17 x 17 cm \u2013 perfekt f\u00fcr Auto, B\u00fcro oder als Fanartikel Mehrfarbig bedruckbar \u2013 individuell gestaltbar mit Vereinslogo, Motiv oder Schriftzug Inklusive Saugnapf \u2013 als klassisches KFZ-Trikot einfach an der Scheibe zu befestigen<\/p>","protected":false},"featured_media":10319,"template":"","meta":[],"product_brand":[],"product_cat":[31],"product_tag":[84,64,175,174,60],"class_list":{"0":"post-10168","1":"product","2":"type-product","3":"status-publish","4":"has-post-thumbnail","6":"product_cat-diverses","7":"product_tag-fanartikel","8":"product_tag-individuell","9":"product_tag-kfz-trikot","10":"product_tag-mini-trikot","11":"product_tag-wm-sport","13":"first","14":"instock","15":"sold-individually","16":"taxable","17":"shipping-taxable","18":"purchasable","19":"product-type-simple"},"_links":{"self":[{"href":"https:\/\/wm-sport.de\/en\/wp-json\/wp\/v2\/product\/10168","targetHints":{"allow":["GET"]}}],"collection":[{"href":"https:\/\/wm-sport.de\/en\/wp-json\/wp\/v2\/product"}],"about":[{"href":"https:\/\/wm-sport.de\/en\/wp-json\/wp\/v2\/types\/product"}],"wp:featuredmedia":[{"embeddable":true,"href":"https:\/\/wm-sport.de\/en\/wp-json\/wp\/v2\/media\/10319"}],"wp:attachment":[{"href":"https:\/\/wm-sport.de\/en\/wp-json\/wp\/v2\/media?parent=10168"}],"wp:term":[{"taxonomy":"product_brand","embeddable":true,"href":"https:\/\/wm-sport.de\/en\/wp-json\/wp\/v2\/product_brand?post=10168"},{"taxonomy":"product_cat","embeddable":true,"href":"https:\/\/wm-sport.de\/en\/wp-json\/wp\/v2\/product_cat?post=10168"},{"taxonomy":"product_tag","embeddable":true,"href":"https:\/\/wm-sport.de\/en\/wp-json\/wp\/v2\/product_tag?post=10168"}],"curies":[{"name":"wp","href":"https:\/\/api.w.org\/{rel}","templated":true}]}}