{"id":10169,"date":"2025-08-28T20:49:49","date_gmt":"2025-08-28T18:49:49","guid":{"rendered":"https:\/\/wm-sport.seaphoenix.de\/?post_type=product&#038;p=10169"},"modified":"2025-11-04T16:20:36","modified_gmt":"2025-11-04T15:20:36","slug":"kugelschreiber","status":"publish","type":"product","link":"https:\/\/wm-sport.de\/en\/product\/kugelschreiber\/","title":{"rendered":"Biros"},"content":{"rendered":"<p data-start=\"117\" data-end=\"164\"><strong data-start=\"117\" data-end=\"162\">Ballpoint pens - Versatile &amp; individual<\/strong><\/p>\n<p data-start=\"166\" data-end=\"187\"><strong data-start=\"166\" data-end=\"185\">Product details:<\/strong><\/p>\n<ul data-start=\"188\" data-end=\"475\">\n<li data-start=\"188\" data-end=\"251\">\n<p data-start=\"190\" data-end=\"251\">Many colour combinations available - to match your design<\/p>\n<\/li>\n<li data-start=\"252\" data-end=\"307\">\n<p data-start=\"254\" data-end=\"307\">Different models - from classic to modern<\/p>\n<\/li>\n<li data-start=\"308\" data-end=\"391\">\n<p data-start=\"310\" data-end=\"391\">Various engravings possible - ideal for logos, lettering or personalisation<\/p>\n<\/li>\n<li data-start=\"392\" data-end=\"475\">\n<p data-start=\"394\" data-end=\"475\">Practical advertising medium - perfect for events, company appearances or as a giveaway<\/p>\n<\/li>\n<\/ul>","protected":false},"excerpt":{"rendered":"<p>Kugelschreiber \u2013 Vielf\u00e4ltig &amp; individuell Produktdetails: Viele Farbkombinationen verf\u00fcgbar \u2013 passend zu Ihrem Design Unterschiedliche Modelle \u2013 von klassisch bis modern Diverse Gravuren m\u00f6glich \u2013 ideal f\u00fcr Logos, Schriftz\u00fcge oder Personalisierungen Praktischer Werbetr\u00e4ger \u2013 perfekt f\u00fcr Events, Firmenauftritte oder als Giveaway<\/p>","protected":false},"featured_media":11139,"template":"","meta":[],"product_brand":[],"product_cat":[31],"product_tag":[84,64,176,60],"class_list":{"0":"post-10169","1":"product","2":"type-product","3":"status-publish","4":"has-post-thumbnail","6":"product_cat-diverses","7":"product_tag-fanartikel","8":"product_tag-individuell","9":"product_tag-kugelschreiber","10":"product_tag-wm-sport","12":"first","13":"instock","14":"sold-individually","15":"taxable","16":"shipping-taxable","17":"purchasable","18":"product-type-simple"},"_links":{"self":[{"href":"https:\/\/wm-sport.de\/en\/wp-json\/wp\/v2\/product\/10169","targetHints":{"allow":["GET"]}}],"collection":[{"href":"https:\/\/wm-sport.de\/en\/wp-json\/wp\/v2\/product"}],"about":[{"href":"https:\/\/wm-sport.de\/en\/wp-json\/wp\/v2\/types\/product"}],"wp:featuredmedia":[{"embeddable":true,"href":"https:\/\/wm-sport.de\/en\/wp-json\/wp\/v2\/media\/11139"}],"wp:attachment":[{"href":"https:\/\/wm-sport.de\/en\/wp-json\/wp\/v2\/media?parent=10169"}],"wp:term":[{"taxonomy":"product_brand","embeddable":true,"href":"https:\/\/wm-sport.de\/en\/wp-json\/wp\/v2\/product_brand?post=10169"},{"taxonomy":"product_cat","embeddable":true,"href":"https:\/\/wm-sport.de\/en\/wp-json\/wp\/v2\/product_cat?post=10169"},{"taxonomy":"product_tag","embeddable":true,"href":"https:\/\/wm-sport.de\/en\/wp-json\/wp\/v2\/product_tag?post=10169"}],"curies":[{"name":"wp","href":"https:\/\/api.w.org\/{rel}","templated":true}]}}