{"id":10173,"date":"2025-08-28T20:51:48","date_gmt":"2025-08-28T18:51:48","guid":{"rendered":"https:\/\/wm-sport.seaphoenix.de\/?post_type=product&#038;p=10173"},"modified":"2025-10-13T12:22:40","modified_gmt":"2025-10-13T10:22:40","slug":"brotdosen","status":"publish","type":"product","link":"https:\/\/wm-sport.de\/en\/product\/brotdosen\/","title":{"rendered":"Lunch boxes"},"content":{"rendered":"<p data-start=\"95\" data-end=\"171\"><strong data-start=\"95\" data-end=\"108\">Lunch boxes<\/strong><br data-start=\"108\" data-end=\"111\" \/>Practical lunch boxes - versatile &amp; customisable<\/p>\n<p data-start=\"173\" data-end=\"194\"><strong data-start=\"173\" data-end=\"192\">Product details:<\/strong><\/p>\n<ul data-start=\"195\" data-end=\"484\">\n<li data-start=\"195\" data-end=\"271\">\n<p data-start=\"197\" data-end=\"271\">Lunch box with divider - for organised storage of snacks<\/p>\n<\/li>\n<li data-start=\"272\" data-end=\"351\">\n<p data-start=\"274\" data-end=\"351\">Can be printed in one colour - individual design options on the lid<\/p>\n<\/li>\n<li data-start=\"352\" data-end=\"384\">\n<p data-start=\"354\" data-end=\"384\">Size: approx. 180 x 145 x 70 mm<\/p>\n<\/li>\n<li data-start=\"385\" data-end=\"436\">\n<p data-start=\"387\" data-end=\"436\">Printable area on the lid: 130 x 100 mm<\/p>\n<\/li>\n<li data-start=\"437\" data-end=\"484\">\n<p data-start=\"439\" data-end=\"484\">BPA-free - safe for children and adults<\/p>\n<\/li>\n<\/ul>","protected":false},"excerpt":{"rendered":"<p>BrotdosenPraktische Brotdosen \u2013 Vielseitig &amp; individuell bedruckbar Produktdetails: Brotdose mit Trennsteg \u2013 f\u00fcr eine \u00fcbersichtliche Aufbewahrung von Snacks Einfarbig bedruckbar \u2013 individuelle Gestaltungsm\u00f6glichkeiten auf dem Deckel Gr\u00f6\u00dfe: ca. 180 x 145 x 70 mm Druckbarer Bereich auf dem Deckel: 130 x 100 mm BPA-frei \u2013 sicher f\u00fcr Kinder und Erwachsene<\/p>","protected":false},"featured_media":10628,"template":"","meta":[],"product_brand":[],"product_cat":[31],"product_tag":[182,84,64,60],"class_list":{"0":"post-10173","1":"product","2":"type-product","3":"status-publish","4":"has-post-thumbnail","6":"product_cat-diverses","7":"product_tag-brotdosen","8":"product_tag-fanartikel","9":"product_tag-individuell","10":"product_tag-wm-sport","12":"first","13":"instock","14":"sold-individually","15":"taxable","16":"shipping-taxable","17":"purchasable","18":"product-type-simple"},"_links":{"self":[{"href":"https:\/\/wm-sport.de\/en\/wp-json\/wp\/v2\/product\/10173","targetHints":{"allow":["GET"]}}],"collection":[{"href":"https:\/\/wm-sport.de\/en\/wp-json\/wp\/v2\/product"}],"about":[{"href":"https:\/\/wm-sport.de\/en\/wp-json\/wp\/v2\/types\/product"}],"wp:featuredmedia":[{"embeddable":true,"href":"https:\/\/wm-sport.de\/en\/wp-json\/wp\/v2\/media\/10628"}],"wp:attachment":[{"href":"https:\/\/wm-sport.de\/en\/wp-json\/wp\/v2\/media?parent=10173"}],"wp:term":[{"taxonomy":"product_brand","embeddable":true,"href":"https:\/\/wm-sport.de\/en\/wp-json\/wp\/v2\/product_brand?post=10173"},{"taxonomy":"product_cat","embeddable":true,"href":"https:\/\/wm-sport.de\/en\/wp-json\/wp\/v2\/product_cat?post=10173"},{"taxonomy":"product_tag","embeddable":true,"href":"https:\/\/wm-sport.de\/en\/wp-json\/wp\/v2\/product_tag?post=10173"}],"curies":[{"name":"wp","href":"https:\/\/api.w.org\/{rel}","templated":true}]}}