{"id":10176,"date":"2025-08-28T20:53:34","date_gmt":"2025-08-28T18:53:34","guid":{"rendered":"https:\/\/wm-sport.seaphoenix.de\/?post_type=product&#038;p=10176"},"modified":"2025-09-16T10:35:02","modified_gmt":"2025-09-16T08:35:02","slug":"trinkflaschen-05-liter","status":"publish","type":"product","link":"https:\/\/wm-sport.de\/en\/product\/trinkflaschen-05-liter\/","title":{"rendered":"Drinking bottles 0.5 litres"},"content":{"rendered":"<p data-start=\"103\" data-end=\"197\"><strong data-start=\"103\" data-end=\"130\">Drinking bottles 0.5 litres<\/strong><br data-start=\"130\" data-end=\"133\" \/>Practical drinking bottles - versatile &amp; customisable<\/p>\n<p data-start=\"199\" data-end=\"220\"><strong data-start=\"199\" data-end=\"218\">Product details:<\/strong><\/p>\n<ul data-start=\"221\" data-end=\"481\">\n<li data-start=\"221\" data-end=\"277\">\n<p data-start=\"223\" data-end=\"277\">Material: polyethylene - lightweight, robust and durable<\/p>\n<\/li>\n<li data-start=\"278\" data-end=\"337\">\n<p data-start=\"280\" data-end=\"337\">Capacity: 500 ml - ideal for school, sports or travelling<\/p>\n<\/li>\n<li data-start=\"338\" data-end=\"411\">\n<p data-start=\"340\" data-end=\"411\">Other sizes on request - suitable for different needs<\/p>\n<\/li>\n<li data-start=\"412\" data-end=\"481\">\n<p data-start=\"414\" data-end=\"481\">Can be printed on both sides - for customised design options<\/p>\n<\/li>\n<\/ul>","protected":false},"excerpt":{"rendered":"<p>Trinkflaschen 0,5 LiterPraktische Trinkflaschen \u2013 Vielseitig &amp; individuell bedruckbar Produktdetails: Material: Polyethylen \u2013 leicht, robust und langlebig Inhalt: 500 ml \u2013 ideal f\u00fcr Schule, Sport oder unterwegs Weitere Gr\u00f6\u00dfen auf Anfrage \u2013 passend f\u00fcr unterschiedliche Bed\u00fcrfnisse Beidseitig bedruckbar \u2013 f\u00fcr individuelle Gestaltungsm\u00f6glichkeiten<\/p>","protected":false},"featured_media":10356,"template":"","meta":[],"product_brand":[],"product_cat":[31],"product_tag":[84,187,64,186,60],"class_list":{"0":"post-10176","1":"product","2":"type-product","3":"status-publish","4":"has-post-thumbnail","6":"product_cat-diverses","7":"product_tag-fanartikel","8":"product_tag-flasche","9":"product_tag-individuell","10":"product_tag-trinkflasche","11":"product_tag-wm-sport","13":"first","14":"instock","15":"sold-individually","16":"taxable","17":"shipping-taxable","18":"purchasable","19":"product-type-simple"},"_links":{"self":[{"href":"https:\/\/wm-sport.de\/en\/wp-json\/wp\/v2\/product\/10176","targetHints":{"allow":["GET"]}}],"collection":[{"href":"https:\/\/wm-sport.de\/en\/wp-json\/wp\/v2\/product"}],"about":[{"href":"https:\/\/wm-sport.de\/en\/wp-json\/wp\/v2\/types\/product"}],"wp:featuredmedia":[{"embeddable":true,"href":"https:\/\/wm-sport.de\/en\/wp-json\/wp\/v2\/media\/10356"}],"wp:attachment":[{"href":"https:\/\/wm-sport.de\/en\/wp-json\/wp\/v2\/media?parent=10176"}],"wp:term":[{"taxonomy":"product_brand","embeddable":true,"href":"https:\/\/wm-sport.de\/en\/wp-json\/wp\/v2\/product_brand?post=10176"},{"taxonomy":"product_cat","embeddable":true,"href":"https:\/\/wm-sport.de\/en\/wp-json\/wp\/v2\/product_cat?post=10176"},{"taxonomy":"product_tag","embeddable":true,"href":"https:\/\/wm-sport.de\/en\/wp-json\/wp\/v2\/product_tag?post=10176"}],"curies":[{"name":"wp","href":"https:\/\/api.w.org\/{rel}","templated":true}]}}