{"id":10186,"date":"2025-08-28T20:57:09","date_gmt":"2025-08-28T18:57:09","guid":{"rendered":"https:\/\/wm-sport.seaphoenix.de\/?post_type=product&#038;p=10186"},"modified":"2025-12-10T20:47:09","modified_gmt":"2025-12-10T19:47:09","slug":"filzschluesselanhaenger","status":"publish","type":"product","link":"https:\/\/wm-sport.de\/en\/product\/filzschluesselanhaenger\/","title":{"rendered":"Felt key fob"},"content":{"rendered":"<p data-start=\"101\" data-end=\"151\"><strong data-start=\"101\" data-end=\"149\">Felt key rings - Stylish &amp; practical<\/strong><\/p>\n<p data-start=\"153\" data-end=\"174\"><strong data-start=\"153\" data-end=\"172\">Product details:<\/strong><\/p>\n<ul data-start=\"175\" data-end=\"582\">\n<li data-start=\"175\" data-end=\"237\">\n<p data-start=\"177\" data-end=\"237\">Felt loop made from 100 % felt - soft, robust and sustainable<\/p>\n<\/li>\n<li data-start=\"238\" data-end=\"307\">\n<p data-start=\"240\" data-end=\"307\">Size: 14 x 3 cm - handy and ideal for keys or pendants<\/p>\n<\/li>\n<li data-start=\"308\" data-end=\"362\">\n<p data-start=\"310\" data-end=\"362\">Including key ring - for easy attachment<\/p>\n<\/li>\n<li data-start=\"363\" data-end=\"421\">\n<p data-start=\"365\" data-end=\"421\">Printing process: Screen printing - durable and clear logos<\/p>\n<\/li>\n<li data-start=\"422\" data-end=\"485\">\n<p data-start=\"424\" data-end=\"485\">Includes high-quality snap hook - secure fastening<\/p>\n<\/li>\n<li data-start=\"486\" data-end=\"582\">\n<p data-start=\"488\" data-end=\"582\">Customisable on both sides - front and back can have different designs<\/p>\n<\/li>\n<\/ul>","protected":false},"excerpt":{"rendered":"<p>Filzschl\u00fcsselanh\u00e4nger \u2013 Stylisch &amp; praktisch Produktdetails: Filzschlaufe aus 100 % Filz \u2013 weich, robust und nachhaltig Gr\u00f6\u00dfe: 14 x 3 cm \u2013 handlich und ideal f\u00fcr Schl\u00fcssel oder Anh\u00e4nger Inklusive Schl\u00fcsselring \u2013 f\u00fcr einfache Befestigung Druckverfahren: Siebdruck \u2013 langlebige und klare Logos Inklusive hochwertigem Karabinerhaken \u2013 sichere Befestigung Beidseitig individualisierbar \u2013 Vorder- und R\u00fcckseite k\u00f6nnen [&hellip;]<\/p>","protected":false},"featured_media":10652,"template":"","meta":[],"product_brand":[],"product_cat":[31],"product_tag":[84,192,193,64,60],"class_list":{"0":"post-10186","1":"product","2":"type-product","3":"status-publish","4":"has-post-thumbnail","6":"product_cat-diverses","7":"product_tag-fanartikel","8":"product_tag-filanhaenger","9":"product_tag-filzschluesselanhaenger","10":"product_tag-individuell","11":"product_tag-wm-sport","13":"first","14":"instock","15":"sold-individually","16":"taxable","17":"shipping-taxable","18":"purchasable","19":"product-type-variable"},"_links":{"self":[{"href":"https:\/\/wm-sport.de\/en\/wp-json\/wp\/v2\/product\/10186","targetHints":{"allow":["GET"]}}],"collection":[{"href":"https:\/\/wm-sport.de\/en\/wp-json\/wp\/v2\/product"}],"about":[{"href":"https:\/\/wm-sport.de\/en\/wp-json\/wp\/v2\/types\/product"}],"wp:featuredmedia":[{"embeddable":true,"href":"https:\/\/wm-sport.de\/en\/wp-json\/wp\/v2\/media\/10652"}],"wp:attachment":[{"href":"https:\/\/wm-sport.de\/en\/wp-json\/wp\/v2\/media?parent=10186"}],"wp:term":[{"taxonomy":"product_brand","embeddable":true,"href":"https:\/\/wm-sport.de\/en\/wp-json\/wp\/v2\/product_brand?post=10186"},{"taxonomy":"product_cat","embeddable":true,"href":"https:\/\/wm-sport.de\/en\/wp-json\/wp\/v2\/product_cat?post=10186"},{"taxonomy":"product_tag","embeddable":true,"href":"https:\/\/wm-sport.de\/en\/wp-json\/wp\/v2\/product_tag?post=10186"}],"curies":[{"name":"wp","href":"https:\/\/api.w.org\/{rel}","templated":true}]}}