{"id":10193,"date":"2025-08-28T21:05:25","date_gmt":"2025-08-28T19:05:25","guid":{"rendered":"https:\/\/wm-sport.seaphoenix.de\/?post_type=product&#038;p=10193"},"modified":"2025-09-16T12:11:29","modified_gmt":"2025-09-16T10:11:29","slug":"fahnen-sonder-und-einzelanfertigung","status":"publish","type":"product","link":"https:\/\/wm-sport.de\/en\/product\/fahnen-sonder-und-einzelanfertigung\/","title":{"rendered":"Flags - customised and individual production"},"content":{"rendered":"<p data-start=\"116\" data-end=\"185\"><strong data-start=\"116\" data-end=\"183\">Customised and one-off flags - individual &amp; high quality<\/strong><\/p>\n<p data-start=\"187\" data-end=\"208\"><strong data-start=\"187\" data-end=\"206\">Product details:<\/strong><\/p>\n<ul data-start=\"209\" data-end=\"578\">\n<li data-start=\"209\" data-end=\"272\">\n<p data-start=\"211\" data-end=\"272\">High-quality printing - brilliant colours and long-lasting motifs<\/p>\n<\/li>\n<li data-start=\"273\" data-end=\"335\">\n<p data-start=\"275\" data-end=\"335\">Material: 100 % polyester - weatherproof and hard-wearing<\/p>\n<\/li>\n<li data-start=\"336\" data-end=\"391\">\n<p data-start=\"338\" data-end=\"391\">Available with stick or eyelets - flexible use<\/p>\n<\/li>\n<li data-start=\"392\" data-end=\"487\">\n<p data-start=\"394\" data-end=\"487\">Can also be customised - perfect for special occasions or individual wishes<\/p>\n<\/li>\n<li data-start=\"488\" data-end=\"578\">\n<p data-start=\"490\" data-end=\"578\">Can be printed on both sides - front and back can be customised with different designs<\/p>\n<\/li>\n<\/ul>","protected":false},"excerpt":{"rendered":"<p>Fahnen Sonder- und Einzelanfertigung \u2013 Individuell &amp; hochwertig Produktdetails: Hochwertiger Druck \u2013 brillante Farben und langlebige Motive Material: 100 % Polyester \u2013 wetterfest und strapazierf\u00e4hig Lieferbar mit Stock oder \u00d6sen \u2013 flexibel einsetzbar Auch in Einzelanfertigung m\u00f6glich \u2013 perfekt f\u00fcr besondere Anl\u00e4sse oder individuelle W\u00fcnsche Beidseitig bedruckbar \u2013 Vorder- und R\u00fcckseite mit unterschiedlichen Designs gestaltbar<\/p>","protected":false},"featured_media":10377,"template":"","meta":[],"product_brand":[],"product_cat":[31],"product_tag":[198,201,84,64,60],"class_list":{"0":"post-10193","1":"product","2":"type-product","3":"status-publish","4":"has-post-thumbnail","6":"product_cat-diverses","7":"product_tag-fahnen","8":"product_tag-fahnen-sonder-und-einzelanfertigung","9":"product_tag-fanartikel","10":"product_tag-individuell","11":"product_tag-wm-sport","13":"first","14":"instock","15":"sold-individually","16":"taxable","17":"shipping-taxable","18":"purchasable","19":"product-type-simple"},"_links":{"self":[{"href":"https:\/\/wm-sport.de\/en\/wp-json\/wp\/v2\/product\/10193","targetHints":{"allow":["GET"]}}],"collection":[{"href":"https:\/\/wm-sport.de\/en\/wp-json\/wp\/v2\/product"}],"about":[{"href":"https:\/\/wm-sport.de\/en\/wp-json\/wp\/v2\/types\/product"}],"wp:featuredmedia":[{"embeddable":true,"href":"https:\/\/wm-sport.de\/en\/wp-json\/wp\/v2\/media\/10377"}],"wp:attachment":[{"href":"https:\/\/wm-sport.de\/en\/wp-json\/wp\/v2\/media?parent=10193"}],"wp:term":[{"taxonomy":"product_brand","embeddable":true,"href":"https:\/\/wm-sport.de\/en\/wp-json\/wp\/v2\/product_brand?post=10193"},{"taxonomy":"product_cat","embeddable":true,"href":"https:\/\/wm-sport.de\/en\/wp-json\/wp\/v2\/product_cat?post=10193"},{"taxonomy":"product_tag","embeddable":true,"href":"https:\/\/wm-sport.de\/en\/wp-json\/wp\/v2\/product_tag?post=10193"}],"curies":[{"name":"wp","href":"https:\/\/api.w.org\/{rel}","templated":true}]}}