{"id":10195,"date":"2025-08-28T21:07:16","date_gmt":"2025-08-28T19:07:16","guid":{"rendered":"https:\/\/wm-sport.seaphoenix.de\/?post_type=product&#038;p=10195"},"modified":"2025-09-16T12:47:11","modified_gmt":"2025-09-16T10:47:11","slug":"buttons","status":"publish","type":"product","link":"https:\/\/wm-sport.de\/en\/product\/buttons\/","title":{"rendered":"Buttons"},"content":{"rendered":"<p data-start=\"95\" data-end=\"137\"><strong data-start=\"95\" data-end=\"135\">Buttons \u00d8 25 mm - Colourful &amp; individual<\/strong><\/p>\n<p data-start=\"139\" data-end=\"160\"><strong data-start=\"139\" data-end=\"158\">Product details:<\/strong><\/p>\n<ul data-start=\"161\" data-end=\"420\">\n<li data-start=\"161\" data-end=\"202\">\n<p data-start=\"163\" data-end=\"202\">Size: \u00d8 25 mm - compact and handy<\/p>\n<\/li>\n<li data-start=\"203\" data-end=\"263\">\n<p data-start=\"205\" data-end=\"263\">Safety lock - easy and secure to fasten<\/p>\n<\/li>\n<li data-start=\"264\" data-end=\"329\">\n<p data-start=\"266\" data-end=\"329\">Multicolour printing - for detailed and colourful designs<\/p>\n<\/li>\n<li data-start=\"330\" data-end=\"420\">\n<p data-start=\"332\" data-end=\"420\">Can be printed on both sides - front and back can be customised with different motifs<\/p>\n<\/li>\n<\/ul>","protected":false},"excerpt":{"rendered":"<p>Buttons \u00d8 25 mm \u2013 Bunt &amp; individuell Produktdetails: Gr\u00f6\u00dfe: \u00d8 25 mm \u2013 kompakt und handlich Sicherheitsverschluss \u2013 einfach und sicher zu befestigen Mehrfarbiger Druck \u2013 f\u00fcr detailreiche und farbenfrohe Designs Beidseitig bedruckbar \u2013 Vorder- und R\u00fcckseite mit unterschiedlichen Motiven gestaltbar<\/p>","protected":false},"featured_media":10381,"template":"","meta":[],"product_brand":[],"product_cat":[31],"product_tag":[],"class_list":{"0":"post-10195","1":"product","2":"type-product","3":"status-publish","4":"has-post-thumbnail","6":"product_cat-diverses","8":"first","9":"instock","10":"sold-individually","11":"taxable","12":"shipping-taxable","13":"purchasable","14":"product-type-simple"},"_links":{"self":[{"href":"https:\/\/wm-sport.de\/en\/wp-json\/wp\/v2\/product\/10195","targetHints":{"allow":["GET"]}}],"collection":[{"href":"https:\/\/wm-sport.de\/en\/wp-json\/wp\/v2\/product"}],"about":[{"href":"https:\/\/wm-sport.de\/en\/wp-json\/wp\/v2\/types\/product"}],"wp:featuredmedia":[{"embeddable":true,"href":"https:\/\/wm-sport.de\/en\/wp-json\/wp\/v2\/media\/10381"}],"wp:attachment":[{"href":"https:\/\/wm-sport.de\/en\/wp-json\/wp\/v2\/media?parent=10195"}],"wp:term":[{"taxonomy":"product_brand","embeddable":true,"href":"https:\/\/wm-sport.de\/en\/wp-json\/wp\/v2\/product_brand?post=10195"},{"taxonomy":"product_cat","embeddable":true,"href":"https:\/\/wm-sport.de\/en\/wp-json\/wp\/v2\/product_cat?post=10195"},{"taxonomy":"product_tag","embeddable":true,"href":"https:\/\/wm-sport.de\/en\/wp-json\/wp\/v2\/product_tag?post=10195"}],"curies":[{"name":"wp","href":"https:\/\/api.w.org\/{rel}","templated":true}]}}