{"id":10681,"date":"2025-10-16T21:55:32","date_gmt":"2025-10-16T19:55:32","guid":{"rendered":"https:\/\/wm-sport.seaphoenix.de\/?post_type=product&#038;p=10681"},"modified":"2025-10-16T21:56:44","modified_gmt":"2025-10-16T19:56:44","slug":"polyesterschals-mit-baumwollhaptik","status":"publish","type":"product","link":"https:\/\/wm-sport.de\/en\/product\/polyesterschals-mit-baumwollhaptik\/","title":{"rendered":"Polyester scarves with a cotton feel"},"content":{"rendered":"<div id=\"brxe-xnyyqu\" class=\"brxe-product-content\">\n<p><strong>printed polyester scarf with cotton haptic<\/strong><\/p>\n<p><strong>Sublimation scarf - Individual &amp; colourful - Extra soft<\/strong><\/p>\n<p><strong>Product details:<\/strong><\/p>\n<ul>\n<li><strong>Can be customised on both sides:<\/strong> Front and back can be printed differently<\/li>\n<li><strong>Size<\/strong> approx. 140 x 16 cm (plus fringes) \/ different sizes possible<\/li>\n<li><strong>Material:<\/strong> 100 % polyester - hard-wearing and pleasantly light<\/li>\n<li><strong>Photo printing &amp; colour gradients possible<\/strong> - Ideal for complex designs<\/li>\n<li><strong>Brilliant colour reproduction<\/strong> for maximum expressiveness<\/li>\n<li>Very comfortable to wear - <strong>Soft to the touch<\/strong> and comfortable on the skin<\/li>\n<\/ul>\n<\/div>","protected":false},"excerpt":{"rendered":"<p>gedruckter Polyesterschal mit Baumwollhaptic Sublimationsschal \u2013 Individuell &amp; farbstark \u2013 Extra weich Produktdetails: Beidseitig gestaltbar: Vorder- und R\u00fcckseite k\u00f6nnen unterschiedlich bedruckt werden Gr\u00f6\u00dfe ca. 140 x 16 cm (zzgl. Fransen) \/ verschiedene Gr\u00f6\u00dfen m\u00f6glich Material: 100 % Polyester \u2013 strapazierf\u00e4hig und angenehm leicht Fotodruck &amp; Farbverl\u00e4ufe m\u00f6glich \u2013 ideal f\u00fcr komplexe Designs Brillante Farbwiedergabe f\u00fcr [&hellip;]<\/p>","protected":false},"featured_media":8383,"template":"","meta":[],"product_brand":[],"product_cat":[27],"product_tag":[86,105,88,63,85,61,87,64,59,60],"class_list":{"0":"post-10681","1":"product","2":"type-product","3":"status-publish","4":"has-post-thumbnail","6":"product_cat-individuelle-fanschals","7":"product_tag-basketball-schal","8":"product_tag-blockstreifenschal","9":"product_tag-eishockey-schal","10":"product_tag-eventschal","11":"product_tag-fussball-schal","12":"product_tag-gewebter-schal","13":"product_tag-handball-schal","14":"product_tag-individuell","15":"product_tag-schal","16":"product_tag-wm-sport","18":"first","19":"instock","20":"sold-individually","21":"taxable","22":"shipping-taxable","23":"purchasable","24":"product-type-variable","25":"has-default-attributes"},"_links":{"self":[{"href":"https:\/\/wm-sport.de\/en\/wp-json\/wp\/v2\/product\/10681","targetHints":{"allow":["GET"]}}],"collection":[{"href":"https:\/\/wm-sport.de\/en\/wp-json\/wp\/v2\/product"}],"about":[{"href":"https:\/\/wm-sport.de\/en\/wp-json\/wp\/v2\/types\/product"}],"wp:featuredmedia":[{"embeddable":true,"href":"https:\/\/wm-sport.de\/en\/wp-json\/wp\/v2\/media\/8383"}],"wp:attachment":[{"href":"https:\/\/wm-sport.de\/en\/wp-json\/wp\/v2\/media?parent=10681"}],"wp:term":[{"taxonomy":"product_brand","embeddable":true,"href":"https:\/\/wm-sport.de\/en\/wp-json\/wp\/v2\/product_brand?post=10681"},{"taxonomy":"product_cat","embeddable":true,"href":"https:\/\/wm-sport.de\/en\/wp-json\/wp\/v2\/product_cat?post=10681"},{"taxonomy":"product_tag","embeddable":true,"href":"https:\/\/wm-sport.de\/en\/wp-json\/wp\/v2\/product_tag?post=10681"}],"curies":[{"name":"wp","href":"https:\/\/api.w.org\/{rel}","templated":true}]}}