{"id":10871,"date":"2025-10-25T14:27:46","date_gmt":"2025-10-25T12:27:46","guid":{"rendered":"https:\/\/wm-sport.seaphoenix.de\/?post_type=product&#038;p=10871"},"modified":"2025-11-03T22:54:09","modified_gmt":"2025-11-03T21:54:09","slug":"zipfelmuetzen-kopieren","status":"publish","type":"product","link":"https:\/\/wm-sport.de\/en\/product\/zipfelmuetzen-kopieren\/","title":{"rendered":"Beanies with embroidery"},"content":{"rendered":"<div id=\"brxe-xnyyqu\" class=\"brxe-product-content\">\n<div id=\"brxe-xnyyqu\" class=\"brxe-product-content\">\n<div id=\"brxe-xnyyqu\" class=\"brxe-product-content\">\n<p data-start=\"132\" data-end=\"195\"><strong data-start=\"132\" data-end=\"195\">Beanie with embroidery - High quality &amp; customisable<\/strong><\/p>\n<p data-start=\"197\" data-end=\"216\"><strong data-start=\"197\" data-end=\"216\">Product details:<\/strong><\/p>\n<ul data-start=\"218\" data-end=\"629\">\n<li data-start=\"218\" data-end=\"296\">\n<p data-start=\"220\" data-end=\"296\"><strong data-start=\"220\" data-end=\"247\">Jacquard knit quality<\/strong> - Durable, dimensionally stable and comfortable to wear<\/p>\n<\/li>\n<li data-start=\"297\" data-end=\"360\">\n<p data-start=\"299\" data-end=\"360\"><strong data-start=\"299\" data-end=\"312\">Material:<\/strong> 100 % polyacrylic - ideal for autumn and winter<\/p>\n<\/li>\n<li data-start=\"361\" data-end=\"439\">\n<p data-start=\"363\" data-end=\"439\"><strong data-start=\"363\" data-end=\"402\">Elaborate logo embroidery included<\/strong> - Ideal for clear, striking motifs<\/p>\n<\/li>\n<li data-start=\"440\" data-end=\"547\">\n<p data-start=\"442\" data-end=\"547\"><strong data-start=\"442\" data-end=\"457\">Alternative:<\/strong> For particularly detailed logos, finishing by <strong data-start=\"516\" data-end=\"537\">Sublimation patch<\/strong> possible<\/p>\n<\/li>\n<li data-start=\"548\" data-end=\"629\">\n<p data-start=\"550\" data-end=\"629\"><strong data-start=\"550\" data-end=\"581\">Available in many colours<\/strong> - Matching club or company colours<\/p>\n<\/li>\n<\/ul>\n<\/div>\n<\/div>\n<\/div>","protected":false},"excerpt":{"rendered":"<p>Beanie mit Bestickung \u2013 Hochwertig &amp; individuell veredelbar Produktdetails: Jacquard-Strickqualit\u00e4t \u2013 langlebig, formstabil und angenehm zu tragen Material: 100 % Polyacryl \u2013 ideal f\u00fcr Herbst und Winter Aufwendige Logobestickung inklusive \u2013 ideal f\u00fcr klare, markante Motive Alternativ: Bei besonders detailreichen Logos ist eine Veredelung per Sublimationspatch m\u00f6glich Erh\u00e4ltlich in vielen Farben \u2013 passend zu Vereins- [&hellip;]<\/p>","protected":false},"featured_media":8495,"template":"","meta":[],"product_brand":[],"product_cat":[33],"product_tag":[64,70,60],"class_list":{"0":"post-10871","1":"product","2":"type-product","3":"status-publish","4":"has-post-thumbnail","6":"product_cat-muetzen","7":"product_tag-individuell","8":"product_tag-muetzen","9":"product_tag-wm-sport","11":"first","12":"instock","13":"sold-individually","14":"taxable","15":"shipping-taxable","16":"purchasable","17":"product-type-variable","18":"has-default-attributes"},"_links":{"self":[{"href":"https:\/\/wm-sport.de\/en\/wp-json\/wp\/v2\/product\/10871","targetHints":{"allow":["GET"]}}],"collection":[{"href":"https:\/\/wm-sport.de\/en\/wp-json\/wp\/v2\/product"}],"about":[{"href":"https:\/\/wm-sport.de\/en\/wp-json\/wp\/v2\/types\/product"}],"wp:featuredmedia":[{"embeddable":true,"href":"https:\/\/wm-sport.de\/en\/wp-json\/wp\/v2\/media\/8495"}],"wp:attachment":[{"href":"https:\/\/wm-sport.de\/en\/wp-json\/wp\/v2\/media?parent=10871"}],"wp:term":[{"taxonomy":"product_brand","embeddable":true,"href":"https:\/\/wm-sport.de\/en\/wp-json\/wp\/v2\/product_brand?post=10871"},{"taxonomy":"product_cat","embeddable":true,"href":"https:\/\/wm-sport.de\/en\/wp-json\/wp\/v2\/product_cat?post=10871"},{"taxonomy":"product_tag","embeddable":true,"href":"https:\/\/wm-sport.de\/en\/wp-json\/wp\/v2\/product_tag?post=10871"}],"curies":[{"name":"wp","href":"https:\/\/api.w.org\/{rel}","templated":true}]}}