{"id":10892,"date":"2025-10-25T14:42:13","date_gmt":"2025-10-25T12:42:13","guid":{"rendered":"https:\/\/wm-sport.seaphoenix.de\/?post_type=product&#038;p=10892"},"modified":"2025-11-03T23:09:42","modified_gmt":"2025-11-03T22:09:42","slug":"pudelmuetze-mit-einstickung","status":"publish","type":"product","link":"https:\/\/wm-sport.de\/en\/product\/pudelmuetze-mit-einstickung\/","title":{"rendered":"Poodle cap with embroidery"},"content":{"rendered":"<p data-start=\"105\" data-end=\"167\"><strong data-start=\"105\" data-end=\"165\">Poodle hat with embroidery - classic, warm &amp; individual<\/strong><\/p>\n<p data-start=\"169\" data-end=\"190\"><strong data-start=\"169\" data-end=\"188\">Product details:<\/strong><\/p>\n<ul data-start=\"191\" data-end=\"561\">\n<li data-start=\"191\" data-end=\"289\">\n<p data-start=\"193\" data-end=\"289\"><strong>Jacquard knit quality<\/strong> - High-quality, dimensionally stable and comfortable to wear<\/p>\n<\/li>\n<li data-start=\"290\" data-end=\"355\">\n<p data-start=\"292\" data-end=\"355\"><strong>Material: 100% polyacrylic<\/strong> - Soft, why and easy to care for<\/p>\n<\/li>\n<li data-start=\"356\" data-end=\"448\">\n<p data-start=\"358\" data-end=\"448\"><strong>Direct knitting<\/strong> of logos or lettering - integrated directly into the knitting pattern<\/p>\n<\/li>\n<li data-start=\"449\" data-end=\"510\">\n<p data-start=\"451\" data-end=\"510\"><strong>With colour-matching bobble<\/strong> - for the classic winter look<\/p>\n<\/li>\n<li data-start=\"511\" data-end=\"561\">\n<p data-start=\"513\" data-end=\"561\"><strong>Available in many colours<\/strong> - Customisable for clubs, teams or events<\/p>\n<\/li>\n<\/ul>","protected":false},"excerpt":{"rendered":"<p>Pudelm\u00fctze mit Einstickung &#8211; Klassisch, warm &amp; individuell Produktdetails: Jacquard-Strickqualit\u00e4t &#8211; hochwerig, formstabil und angenehm zu tragen Material: 100% Polyacryl &#8211; weich, warum und pflegeleicht Direkteinstrickung von Logos oder Schriftz\u00fcgen &#8211; direkt im Strickbild integriert Mit farblich passendem Bommel &#8211; f\u00fcr den klassischen Winterlook Erh\u00e4ltliche in vielen Farben &#8211; individuell anpassbar f\u00fcr Vereine, Teams oder [&hellip;]<\/p>","protected":false},"featured_media":9021,"template":"","meta":[],"product_brand":[],"product_cat":[33],"product_tag":[64,70,60],"class_list":{"0":"post-10892","1":"product","2":"type-product","3":"status-publish","4":"has-post-thumbnail","6":"product_cat-muetzen","7":"product_tag-individuell","8":"product_tag-muetzen","9":"product_tag-wm-sport","11":"first","12":"instock","13":"sold-individually","14":"taxable","15":"shipping-taxable","16":"purchasable","17":"product-type-variable","18":"has-default-attributes"},"_links":{"self":[{"href":"https:\/\/wm-sport.de\/en\/wp-json\/wp\/v2\/product\/10892","targetHints":{"allow":["GET"]}}],"collection":[{"href":"https:\/\/wm-sport.de\/en\/wp-json\/wp\/v2\/product"}],"about":[{"href":"https:\/\/wm-sport.de\/en\/wp-json\/wp\/v2\/types\/product"}],"wp:featuredmedia":[{"embeddable":true,"href":"https:\/\/wm-sport.de\/en\/wp-json\/wp\/v2\/media\/9021"}],"wp:attachment":[{"href":"https:\/\/wm-sport.de\/en\/wp-json\/wp\/v2\/media?parent=10892"}],"wp:term":[{"taxonomy":"product_brand","embeddable":true,"href":"https:\/\/wm-sport.de\/en\/wp-json\/wp\/v2\/product_brand?post=10892"},{"taxonomy":"product_cat","embeddable":true,"href":"https:\/\/wm-sport.de\/en\/wp-json\/wp\/v2\/product_cat?post=10892"},{"taxonomy":"product_tag","embeddable":true,"href":"https:\/\/wm-sport.de\/en\/wp-json\/wp\/v2\/product_tag?post=10892"}],"curies":[{"name":"wp","href":"https:\/\/api.w.org\/{rel}","templated":true}]}}