{"id":10907,"date":"2025-10-25T15:32:04","date_gmt":"2025-10-25T13:32:04","guid":{"rendered":"https:\/\/wm-sport.seaphoenix.de\/?post_type=product&#038;p=10907"},"modified":"2025-12-10T20:16:17","modified_gmt":"2025-12-10T19:16:17","slug":"sonnenhuete-beidseitig-bedruckt","status":"publish","type":"product","link":"https:\/\/wm-sport.de\/en\/product\/sonnenhuete-beidseitig-bedruckt\/","title":{"rendered":"Sun hats - printed on both sides"},"content":{"rendered":"<div id=\"brxe-xnyyqu\" class=\"brxe-product-content\">\n<div id=\"brxe-xnyyqu\" class=\"brxe-product-content\">\n<div id=\"brxe-xnyyqu\" class=\"brxe-product-content\">\n<p data-start=\"119\" data-end=\"178\"><strong data-start=\"119\" data-end=\"178\">Sun hat - Printed on both sides &amp; versatile<\/strong><\/p>\n<p data-start=\"180\" data-end=\"199\"><strong data-start=\"180\" data-end=\"199\">Product details:<\/strong><\/p>\n<ul data-start=\"201\" data-end=\"522\">\n<li data-start=\"201\" data-end=\"281\">\n<p data-start=\"203\" data-end=\"281\"><strong data-start=\"203\" data-end=\"216\">Material:<\/strong> 100 % polyester - lightweight, hardwearing and quick-drying<\/p>\n<\/li>\n<li data-start=\"282\" data-end=\"371\">\n<p data-start=\"284\" data-end=\"371\"><strong data-start=\"284\" data-end=\"310\">Printable on both sides:<\/strong> Different designs possible on the front and back<\/p>\n<\/li>\n<li data-start=\"372\" data-end=\"456\">\n<p data-start=\"374\" data-end=\"456\"><strong data-start=\"374\" data-end=\"415\">Three separate print areas per page<\/strong> - Ideal for logos, slogans or patterns<\/p>\n<\/li>\n<li data-start=\"457\" data-end=\"522\">\n<p data-start=\"459\" data-end=\"522\"><strong data-start=\"459\" data-end=\"480\">One size fits all<\/strong> - Flexible fit for all head sizes<\/p>\n<\/li>\n<\/ul>\n<\/div>\n<\/div>\n<\/div>","protected":false},"excerpt":{"rendered":"<p>Sonnenhut \u2013 Beidseitig bedruckt &amp; vielseitig einsetzbar Produktdetails: Material: 100 % Polyester \u2013 leicht, strapazierf\u00e4hig und schnelltrocknend Beidseitig bedruckbar: Unterschiedliche Designs auf Vorder- und R\u00fcckseite m\u00f6glich Drei separate Druckbereiche pro Seite \u2013 ideal f\u00fcr Logos, Slogans oder Muster One Size fits all \u2013 flexible Passform f\u00fcr alle Kopfgr\u00f6\u00dfen<\/p>","protected":false},"featured_media":8464,"template":"","meta":[],"product_brand":[],"product_cat":[32],"product_tag":[64,70,60],"class_list":{"0":"post-10907","1":"product","2":"type-product","3":"status-publish","4":"has-post-thumbnail","6":"product_cat-caps-huete","7":"product_tag-individuell","8":"product_tag-muetzen","9":"product_tag-wm-sport","11":"first","12":"instock","13":"sold-individually","14":"taxable","15":"shipping-taxable","16":"purchasable","17":"product-type-variable","18":"has-default-attributes"},"_links":{"self":[{"href":"https:\/\/wm-sport.de\/en\/wp-json\/wp\/v2\/product\/10907","targetHints":{"allow":["GET"]}}],"collection":[{"href":"https:\/\/wm-sport.de\/en\/wp-json\/wp\/v2\/product"}],"about":[{"href":"https:\/\/wm-sport.de\/en\/wp-json\/wp\/v2\/types\/product"}],"wp:featuredmedia":[{"embeddable":true,"href":"https:\/\/wm-sport.de\/en\/wp-json\/wp\/v2\/media\/8464"}],"wp:attachment":[{"href":"https:\/\/wm-sport.de\/en\/wp-json\/wp\/v2\/media?parent=10907"}],"wp:term":[{"taxonomy":"product_brand","embeddable":true,"href":"https:\/\/wm-sport.de\/en\/wp-json\/wp\/v2\/product_brand?post=10907"},{"taxonomy":"product_cat","embeddable":true,"href":"https:\/\/wm-sport.de\/en\/wp-json\/wp\/v2\/product_cat?post=10907"},{"taxonomy":"product_tag","embeddable":true,"href":"https:\/\/wm-sport.de\/en\/wp-json\/wp\/v2\/product_tag?post=10907"}],"curies":[{"name":"wp","href":"https:\/\/api.w.org\/{rel}","templated":true}]}}