{"id":2330,"date":"2024-12-17T20:16:05","date_gmt":"2024-12-17T19:16:05","guid":{"rendered":"https:\/\/wm-sport.seaphoenix.de\/?post_type=product&#038;p=2330"},"modified":"2025-07-16T22:47:22","modified_gmt":"2025-07-16T20:47:22","slug":"strickschals","status":"publish","type":"product","link":"https:\/\/wm-sport.de\/en\/product\/strickschals\/","title":{"rendered":"Knitted scarves"},"content":{"rendered":"<p data-start=\"125\" data-end=\"178\"><strong data-start=\"125\" data-end=\"178\">Classic knitted scarf - versatile &amp; high-quality<\/strong><\/p>\n<p data-start=\"180\" data-end=\"199\"><strong data-start=\"180\" data-end=\"199\">Product details:<\/strong><\/p>\n<ul data-start=\"201\" data-end=\"557\">\n<li data-start=\"201\" data-end=\"274\">\n<p data-start=\"203\" data-end=\"274\"><strong data-start=\"203\" data-end=\"230\">Jacquard knit quality<\/strong> - for clear designs and long-lasting colours<\/p>\n<\/li>\n<li data-start=\"275\" data-end=\"337\">\n<p data-start=\"277\" data-end=\"337\"><strong data-start=\"277\" data-end=\"298\">Double knit<\/strong> for a pleasant feel and extra warmth<\/p>\n<\/li>\n<li data-start=\"338\" data-end=\"384\">\n<p data-start=\"340\" data-end=\"384\"><strong data-start=\"340\" data-end=\"350\">Size:<\/strong> approx. 140 x 16 cm (plus fringes)<\/p>\n<\/li>\n<li data-start=\"385\" data-end=\"455\">\n<p data-start=\"387\" data-end=\"455\"><strong data-start=\"387\" data-end=\"400\">Material:<\/strong> 100 % polyacrylic - soft, dimensionally stable and easy to care for<\/p>\n<\/li>\n<li data-start=\"456\" data-end=\"557\">\n<p data-start=\"458\" data-end=\"557\"><strong data-start=\"458\" data-end=\"496\">Can be customised on both sides:<\/strong> Front and back with different designs possible<\/p>\n<\/li>\n<\/ul>","protected":false},"excerpt":{"rendered":"<p>Klassischer Strickschal \u2013 Vielseitig &amp; hochwertig Produktdetails: Jacquard-Strickqualit\u00e4t \u2013 f\u00fcr klare Designs und langlebige Farben Doppelt gestrickt f\u00fcr angenehme Haptik und extra W\u00e4rme Gr\u00f6\u00dfe: ca. 140 x 16 cm (zzgl. Fransen) Material: 100 % Polyacryl \u2013 weich, formstabil und pflegeleicht Beidseitig individuell gestaltbar: Vorder- und R\u00fcckseite mit unterschiedlichem Design m\u00f6glich<\/p>","protected":false},"featured_media":8189,"template":"","meta":[],"product_brand":[],"product_cat":[27],"product_tag":[86,88,63,84,89,85,61,87,64,59,60],"class_list":{"0":"post-2330","1":"product","2":"type-product","3":"status-publish","4":"has-post-thumbnail","6":"product_cat-individuelle-fanschals","7":"product_tag-basketball-schal","8":"product_tag-eishockey-schal","9":"product_tag-eventschal","10":"product_tag-fanartikel","11":"product_tag-fanschal","12":"product_tag-fussball-schal","13":"product_tag-gewebter-schal","14":"product_tag-handball-schal","15":"product_tag-individuell","16":"product_tag-schal","17":"product_tag-wm-sport","19":"first","20":"instock","21":"sold-individually","22":"taxable","23":"shipping-taxable","24":"purchasable","25":"product-type-variable","26":"has-default-attributes"},"_links":{"self":[{"href":"https:\/\/wm-sport.de\/en\/wp-json\/wp\/v2\/product\/2330","targetHints":{"allow":["GET"]}}],"collection":[{"href":"https:\/\/wm-sport.de\/en\/wp-json\/wp\/v2\/product"}],"about":[{"href":"https:\/\/wm-sport.de\/en\/wp-json\/wp\/v2\/types\/product"}],"wp:featuredmedia":[{"embeddable":true,"href":"https:\/\/wm-sport.de\/en\/wp-json\/wp\/v2\/media\/8189"}],"wp:attachment":[{"href":"https:\/\/wm-sport.de\/en\/wp-json\/wp\/v2\/media?parent=2330"}],"wp:term":[{"taxonomy":"product_brand","embeddable":true,"href":"https:\/\/wm-sport.de\/en\/wp-json\/wp\/v2\/product_brand?post=2330"},{"taxonomy":"product_cat","embeddable":true,"href":"https:\/\/wm-sport.de\/en\/wp-json\/wp\/v2\/product_cat?post=2330"},{"taxonomy":"product_tag","embeddable":true,"href":"https:\/\/wm-sport.de\/en\/wp-json\/wp\/v2\/product_tag?post=2330"}],"curies":[{"name":"wp","href":"https:\/\/api.w.org\/{rel}","templated":true}]}}