{"id":2368,"date":"2024-12-17T20:27:37","date_gmt":"2024-12-17T19:27:37","guid":{"rendered":"https:\/\/wm-sport.seaphoenix.de\/?post_type=product&#038;p=2368"},"modified":"2025-12-10T13:45:40","modified_gmt":"2025-12-10T12:45:40","slug":"kinder-strickschals","status":"publish","type":"product","link":"https:\/\/wm-sport.de\/en\/product\/kinder-strickschals\/","title":{"rendered":"Kids knitted scarves"},"content":{"rendered":"<p data-start=\"126\" data-end=\"175\"><strong data-start=\"126\" data-end=\"175\">Children's knitted scarf - colourful &amp; individual<\/strong><\/p>\n<p data-start=\"177\" data-end=\"196\"><strong data-start=\"177\" data-end=\"196\">Product details:<\/strong><\/p>\n<ul data-start=\"198\" data-end=\"551\">\n<li data-start=\"198\" data-end=\"263\">\n<p data-start=\"200\" data-end=\"263\"><strong data-start=\"200\" data-end=\"233\">High-quality jacquard<\/strong> - Suitable for children and durable<\/p>\n<\/li>\n<li data-start=\"264\" data-end=\"320\">\n<p data-start=\"266\" data-end=\"320\"><strong data-start=\"266\" data-end=\"287\">Double knit<\/strong> for extra warmth and stability<\/p>\n<\/li>\n<li data-start=\"321\" data-end=\"386\">\n<p data-start=\"323\" data-end=\"386\"><strong data-start=\"323\" data-end=\"333\">Size:<\/strong> approx. 120 x 13 cm (plus fringes) - ideal for children<\/p>\n<\/li>\n<li data-start=\"387\" data-end=\"460\">\n<p data-start=\"389\" data-end=\"460\"><strong data-start=\"389\" data-end=\"402\">Material:<\/strong> 100 % polyacrylic - soft, shape-retaining and easy-care<\/p>\n<\/li>\n<li data-start=\"461\" data-end=\"551\">\n<p data-start=\"463\" data-end=\"551\"><strong data-start=\"463\" data-end=\"489\">Can be customised on both sides:<\/strong> Front and back with different designs possible<\/p>\n<\/li>\n<li data-start=\"461\" data-end=\"551\">Also as <strong>HD scarf<\/strong> possible, please enquire!<\/li>\n<\/ul>","protected":false},"excerpt":{"rendered":"<p>Kinder-Strickschal \u2013 Farbenfroh &amp; individuell Produktdetails: Hochwertige Jacquard-Qualit\u00e4t \u2013 kindgerecht und langlebig Doppelt gestrickt f\u00fcr extra W\u00e4rme und Stabilit\u00e4t Gr\u00f6\u00dfe: ca. 120 x 13 cm (zzgl. Fransen) \u2013 ideal f\u00fcr Kinder Material: 100 % Polyacryl \u2013 weich, formbest\u00e4ndig und pflegeleicht Beidseitig gestaltbar: Vorder- und R\u00fcckseite mit unterschiedlichen Designs m\u00f6glich Auch als HD-Schal m\u00f6glich, bitte Anfragen!<\/p>","protected":false},"featured_media":8259,"template":"","meta":[],"product_brand":[],"product_cat":[27],"product_tag":[86,88,63,85,87,64,103,59,60],"class_list":{"0":"post-2368","1":"product","2":"type-product","3":"status-publish","4":"has-post-thumbnail","6":"product_cat-individuelle-fanschals","7":"product_tag-basketball-schal","8":"product_tag-eishockey-schal","9":"product_tag-eventschal","10":"product_tag-fussball-schal","11":"product_tag-handball-schal","12":"product_tag-individuell","13":"product_tag-kinder-schal","14":"product_tag-schal","15":"product_tag-wm-sport","17":"first","18":"instock","19":"sold-individually","20":"taxable","21":"shipping-taxable","22":"purchasable","23":"product-type-variable"},"_links":{"self":[{"href":"https:\/\/wm-sport.de\/en\/wp-json\/wp\/v2\/product\/2368","targetHints":{"allow":["GET"]}}],"collection":[{"href":"https:\/\/wm-sport.de\/en\/wp-json\/wp\/v2\/product"}],"about":[{"href":"https:\/\/wm-sport.de\/en\/wp-json\/wp\/v2\/types\/product"}],"wp:featuredmedia":[{"embeddable":true,"href":"https:\/\/wm-sport.de\/en\/wp-json\/wp\/v2\/media\/8259"}],"wp:attachment":[{"href":"https:\/\/wm-sport.de\/en\/wp-json\/wp\/v2\/media?parent=2368"}],"wp:term":[{"taxonomy":"product_brand","embeddable":true,"href":"https:\/\/wm-sport.de\/en\/wp-json\/wp\/v2\/product_brand?post=2368"},{"taxonomy":"product_cat","embeddable":true,"href":"https:\/\/wm-sport.de\/en\/wp-json\/wp\/v2\/product_cat?post=2368"},{"taxonomy":"product_tag","embeddable":true,"href":"https:\/\/wm-sport.de\/en\/wp-json\/wp\/v2\/product_tag?post=2368"}],"curies":[{"name":"wp","href":"https:\/\/api.w.org\/{rel}","templated":true}]}}