{"id":2420,"date":"2024-12-19T20:47:32","date_gmt":"2024-12-19T19:47:32","guid":{"rendered":"https:\/\/wm-sport.seaphoenix.de\/?post_type=product&#038;p=2420"},"modified":"2026-01-22T15:29:42","modified_gmt":"2026-01-22T14:29:42","slug":"tassen-weiss-mit-druck","status":"publish","type":"product","link":"https:\/\/wm-sport.de\/en\/product\/tassen-weiss-mit-druck\/","title":{"rendered":"Mugs white with print"},"content":{"rendered":"<p data-start=\"123\" data-end=\"174\"><strong data-start=\"123\" data-end=\"174\">White mug with print - Versatile &amp; high-quality<\/strong><\/p>\n<p data-start=\"176\" data-end=\"195\"><strong data-start=\"176\" data-end=\"195\">Product details:<\/strong><\/p>\n<ul data-start=\"197\" data-end=\"504\">\n<li data-start=\"197\" data-end=\"270\">\n<p data-start=\"199\" data-end=\"270\"><strong data-start=\"199\" data-end=\"232\">Classic white ceramic mug<\/strong> - Timeless and versatile<\/p>\n<\/li>\n<li data-start=\"271\" data-end=\"348\">\n<p data-start=\"273\" data-end=\"348\"><strong data-start=\"273\" data-end=\"303\">Multicolour printing possible<\/strong> - Ideal for logos, motifs or lettering<\/p>\n<\/li>\n<li data-start=\"349\" data-end=\"428\">\n<p data-start=\"351\" data-end=\"428\"><strong data-start=\"351\" data-end=\"383\">Also suitable for photo prints<\/strong> - Brilliant display in high resolution<\/p>\n<\/li>\n<li data-start=\"429\" data-end=\"504\">\n<p data-start=\"431\" data-end=\"504\"><strong data-start=\"431\" data-end=\"450\">Made in Germany<\/strong> - Durable quality and reliable workmanship<\/p>\n<\/li>\n<\/ul>","protected":false},"excerpt":{"rendered":"<p>Wei\u00dfe Tasse mit Druck \u2013 Vielseitig &amp; hochwertig Produktdetails: Klassische wei\u00dfe Keramiktasse \u2013 zeitlos und vielseitig einsetzbar Mehrfarbiger Druck m\u00f6glich \u2013 ideal f\u00fcr Logos, Motive oder Schriftz\u00fcge Auch f\u00fcr Fotodrucke geeignet \u2013 brillante Darstellung in hoher Aufl\u00f6sung Made in Germany \u2013 langlebige Qualit\u00e4t und zuverl\u00e4ssige Verarbeitung<\/p>","protected":false},"featured_media":9254,"template":"","meta":[],"product_brand":[],"product_cat":[30],"product_tag":[64,150,151,60],"class_list":{"0":"post-2420","1":"product","2":"type-product","3":"status-publish","4":"has-post-thumbnail","6":"product_cat-tassen","7":"product_tag-individuell","8":"product_tag-kaffeebecher","9":"product_tag-tasse","10":"product_tag-wm-sport","12":"first","13":"instock","14":"sold-individually","15":"taxable","16":"shipping-taxable","17":"purchasable","18":"product-type-variable"},"_links":{"self":[{"href":"https:\/\/wm-sport.de\/en\/wp-json\/wp\/v2\/product\/2420","targetHints":{"allow":["GET"]}}],"collection":[{"href":"https:\/\/wm-sport.de\/en\/wp-json\/wp\/v2\/product"}],"about":[{"href":"https:\/\/wm-sport.de\/en\/wp-json\/wp\/v2\/types\/product"}],"wp:featuredmedia":[{"embeddable":true,"href":"https:\/\/wm-sport.de\/en\/wp-json\/wp\/v2\/media\/9254"}],"wp:attachment":[{"href":"https:\/\/wm-sport.de\/en\/wp-json\/wp\/v2\/media?parent=2420"}],"wp:term":[{"taxonomy":"product_brand","embeddable":true,"href":"https:\/\/wm-sport.de\/en\/wp-json\/wp\/v2\/product_brand?post=2420"},{"taxonomy":"product_cat","embeddable":true,"href":"https:\/\/wm-sport.de\/en\/wp-json\/wp\/v2\/product_cat?post=2420"},{"taxonomy":"product_tag","embeddable":true,"href":"https:\/\/wm-sport.de\/en\/wp-json\/wp\/v2\/product_tag?post=2420"}],"curies":[{"name":"wp","href":"https:\/\/api.w.org\/{rel}","templated":true}]}}