{"id":2436,"date":"2024-12-19T20:54:26","date_gmt":"2024-12-19T19:54:26","guid":{"rendered":"https:\/\/wm-sport.seaphoenix.de\/?post_type=product&#038;p=2436"},"modified":"2026-02-18T07:43:36","modified_gmt":"2026-02-18T06:43:36","slug":"ugly-sweater","status":"publish","type":"product","link":"https:\/\/wm-sport.de\/en\/product\/ugly-sweater\/","title":{"rendered":"Ugly Sweater"},"content":{"rendered":"<div class=\"col-md-4 col-sm-4 shortDescription\">\n<p data-start=\"175\" data-end=\"234\"><strong data-start=\"175\" data-end=\"234\">Ugly jumper - strikingly knitted, individually designed<\/strong><\/p>\n<p data-start=\"236\" data-end=\"255\"><strong data-start=\"236\" data-end=\"255\">Product details:<\/strong><\/p>\n<ul data-start=\"257\" data-end=\"603\">\n<li data-start=\"257\" data-end=\"336\">\n<p data-start=\"259\" data-end=\"336\"><strong data-start=\"259\" data-end=\"272\">Material:<\/strong> 100 % polyacrylic - soft, shape-retaining and comfortable to wear<\/p>\n<\/li>\n<li data-start=\"337\" data-end=\"414\">\n<p data-start=\"339\" data-end=\"414\"><strong data-start=\"339\" data-end=\"366\">Jacquard knit quality<\/strong> - Ideal for detailed and creative designs<\/p>\n<\/li>\n<li data-start=\"415\" data-end=\"506\">\n<p data-start=\"417\" data-end=\"506\"><strong data-start=\"417\" data-end=\"444\">Customisable:<\/strong> Front and back can be designed differently<\/p>\n<\/li>\n<li data-start=\"507\" data-end=\"548\">\n<p data-start=\"509\" data-end=\"548\"><strong data-start=\"509\" data-end=\"546\">Available in many knitting colours<\/strong><\/p>\n<\/li>\n<li data-start=\"549\" data-end=\"575\">\n<p data-start=\"551\" data-end=\"575\"><strong data-start=\"551\" data-end=\"562\">Sizes:<\/strong> XS to 3XL<\/p>\n<\/li>\n<li data-start=\"576\" data-end=\"603\">\n<p data-start=\"578\" data-end=\"603\"><strong data-start=\"578\" data-end=\"603\">Available from 100 pieces \/<br \/>\nminimum quantity 20 pieces per size<\/strong><\/p>\n<\/li>\n<\/ul>\n<p data-start=\"605\" data-end=\"627\"><strong data-start=\"605\" data-end=\"625\">Graduated pricing:<\/strong><\/p>\n<ul data-start=\"628\" data-end=\"741\">\n<li data-start=\"628\" data-end=\"673\">\n<p data-start=\"630\" data-end=\"673\">The base price includes <strong data-start=\"649\" data-end=\"661\">3 colours<\/strong> contain<\/p>\n<\/li>\n<li data-start=\"674\" data-end=\"741\">\n<p data-start=\"676\" data-end=\"741\"><strong data-start=\"676\" data-end=\"724\">Surcharge for each additional colour (from the 4th):<\/strong> 2,00 \u20ac \/ piece<\/p>\n<\/li>\n<\/ul>\n<\/div>","protected":false},"excerpt":{"rendered":"<p>Ugly Sweater \u2013 Auff\u00e4llig gestrickt, individuell designt Produktdetails: Material: 100 % Polyacryl \u2013 weich, formbest\u00e4ndig und angenehm zu tragen Jacquard-Strickqualit\u00e4t \u2013 ideal f\u00fcr detailreiche und kreative Designs Individuell gestaltbar: Vorder- und R\u00fcckseite k\u00f6nnen unterschiedlich designt werden Erh\u00e4ltlich in vielen Strickfarben Gr\u00f6\u00dfen: XS bis 3XL Lieferbar ab 100 St\u00fcck \/ mindestmenge 20 St\u00fcck pro Gr\u00f6\u00dfe Preisstaffelung: [&hellip;]<\/p>","protected":false},"featured_media":9054,"template":"","meta":[],"product_brand":[],"product_cat":[29],"product_tag":[64,141,142,60],"class_list":{"0":"post-2436","1":"product","2":"type-product","3":"status-publish","4":"has-post-thumbnail","6":"product_cat-ugly-sweater","7":"product_tag-individuell","8":"product_tag-ugly-sweater","9":"product_tag-weihnachtspullover","10":"product_tag-wm-sport","12":"first","13":"instock","14":"sold-individually","15":"taxable","16":"shipping-taxable","17":"purchasable","18":"product-type-variable"},"_links":{"self":[{"href":"https:\/\/wm-sport.de\/en\/wp-json\/wp\/v2\/product\/2436","targetHints":{"allow":["GET"]}}],"collection":[{"href":"https:\/\/wm-sport.de\/en\/wp-json\/wp\/v2\/product"}],"about":[{"href":"https:\/\/wm-sport.de\/en\/wp-json\/wp\/v2\/types\/product"}],"wp:featuredmedia":[{"embeddable":true,"href":"https:\/\/wm-sport.de\/en\/wp-json\/wp\/v2\/media\/9054"}],"wp:attachment":[{"href":"https:\/\/wm-sport.de\/en\/wp-json\/wp\/v2\/media?parent=2436"}],"wp:term":[{"taxonomy":"product_brand","embeddable":true,"href":"https:\/\/wm-sport.de\/en\/wp-json\/wp\/v2\/product_brand?post=2436"},{"taxonomy":"product_cat","embeddable":true,"href":"https:\/\/wm-sport.de\/en\/wp-json\/wp\/v2\/product_cat?post=2436"},{"taxonomy":"product_tag","embeddable":true,"href":"https:\/\/wm-sport.de\/en\/wp-json\/wp\/v2\/product_tag?post=2436"}],"curies":[{"name":"wp","href":"https:\/\/api.w.org\/{rel}","templated":true}]}}