{"id":6220,"date":"2025-06-05T10:09:32","date_gmt":"2025-06-05T08:09:32","guid":{"rendered":"https:\/\/wm-sport.seaphoenix.de\/?post_type=product&#038;p=6220"},"modified":"2025-07-08T09:19:54","modified_gmt":"2025-07-08T07:19:54","slug":"polyesterschals","status":"publish","type":"product","link":"https:\/\/wm-sport.de\/en\/product\/polyesterschals\/","title":{"rendered":"printed polyester scarf"},"content":{"rendered":"<p data-start=\"88\" data-end=\"135\"><strong data-start=\"88\" data-end=\"135\">Sublimation scarf - individual &amp; colourful<\/strong><\/p>\n<p data-start=\"137\" data-end=\"156\"><strong data-start=\"137\" data-end=\"156\">Product details:<\/strong><\/p>\n<ul data-start=\"158\" data-end=\"503\">\n<li data-start=\"208\" data-end=\"299\">\n<p data-start=\"210\" data-end=\"299\"><strong data-start=\"210\" data-end=\"236\">Can be customised on both sides:<\/strong> Front and back can be printed differently<\/p>\n<\/li>\n<li><strong data-start=\"160\" data-end=\"183\">Size<\/strong> approx. 140 x 16 cm (plus fringes) \/ different sizes possible<\/li>\n<li data-start=\"300\" data-end=\"371\">\n<p data-start=\"302\" data-end=\"371\"><strong data-start=\"302\" data-end=\"315\">Material:<\/strong> 100 % polyester - hard-wearing and pleasantly light<\/p>\n<\/li>\n<li data-start=\"372\" data-end=\"441\">\n<p data-start=\"374\" data-end=\"441\"><strong data-start=\"374\" data-end=\"410\">Photo printing &amp; colour gradients possible<\/strong> - Ideal for complex designs<\/p>\n<\/li>\n<li data-start=\"442\" data-end=\"503\">\n<p data-start=\"444\" data-end=\"503\"><strong data-start=\"444\" data-end=\"472\">Brilliant colour reproduction<\/strong> for maximum expressiveness<\/p>\n<\/li>\n<li data-start=\"442\" data-end=\"503\"><strong>Indoor scarf -\u00a0<\/strong>Also ideal for events or sports in arenas<\/li>\n<\/ul>","protected":false},"excerpt":{"rendered":"<p>Sublimationsschal \u2013 Individuell &amp; farbstark Produktdetails: Beidseitig gestaltbar: Vorder- und R\u00fcckseite k\u00f6nnen unterschiedlich bedruckt werden Gr\u00f6\u00dfe ca. 140 x 16 cm (zzgl. Fransen) \/ verschiedene Gr\u00f6\u00dfen m\u00f6glich Material: 100 % Polyester \u2013 strapazierf\u00e4hig und angenehm leicht Fotodruck &amp; Farbverl\u00e4ufe m\u00f6glich \u2013 ideal f\u00fcr komplexe Designs Brillante Farbwiedergabe f\u00fcr maximale Ausdrucksst\u00e4rke Indoor Schal &#8211;\u00a0Ideal auch f\u00fcr [&hellip;]<\/p>","protected":false},"featured_media":8316,"template":"","meta":[],"product_brand":[],"product_cat":[27],"product_tag":[86,88,63,84,85,87,64,104,62,59,60],"class_list":{"0":"post-6220","1":"product","2":"type-product","3":"status-publish","4":"has-post-thumbnail","6":"product_cat-individuelle-fanschals","7":"product_tag-basketball-schal","8":"product_tag-eishockey-schal","9":"product_tag-eventschal","10":"product_tag-fanartikel","11":"product_tag-fussball-schal","12":"product_tag-handball-schal","13":"product_tag-individuell","14":"product_tag-indoor-schal","15":"product_tag-polyesterschal","16":"product_tag-schal","17":"product_tag-wm-sport","19":"first","20":"instock","21":"sold-individually","22":"taxable","23":"shipping-taxable","24":"purchasable","25":"product-type-variable"},"_links":{"self":[{"href":"https:\/\/wm-sport.de\/en\/wp-json\/wp\/v2\/product\/6220","targetHints":{"allow":["GET"]}}],"collection":[{"href":"https:\/\/wm-sport.de\/en\/wp-json\/wp\/v2\/product"}],"about":[{"href":"https:\/\/wm-sport.de\/en\/wp-json\/wp\/v2\/types\/product"}],"wp:featuredmedia":[{"embeddable":true,"href":"https:\/\/wm-sport.de\/en\/wp-json\/wp\/v2\/media\/8316"}],"wp:attachment":[{"href":"https:\/\/wm-sport.de\/en\/wp-json\/wp\/v2\/media?parent=6220"}],"wp:term":[{"taxonomy":"product_brand","embeddable":true,"href":"https:\/\/wm-sport.de\/en\/wp-json\/wp\/v2\/product_brand?post=6220"},{"taxonomy":"product_cat","embeddable":true,"href":"https:\/\/wm-sport.de\/en\/wp-json\/wp\/v2\/product_cat?post=6220"},{"taxonomy":"product_tag","embeddable":true,"href":"https:\/\/wm-sport.de\/en\/wp-json\/wp\/v2\/product_tag?post=6220"}],"curies":[{"name":"wp","href":"https:\/\/api.w.org\/{rel}","templated":true}]}}