{"id":6235,"date":"2025-06-05T10:53:32","date_gmt":"2025-06-05T08:53:32","guid":{"rendered":"https:\/\/wm-sport.seaphoenix.de\/?post_type=product&#038;p=6235"},"modified":"2025-12-10T13:52:15","modified_gmt":"2025-12-10T12:52:15","slug":"autoschals-gedruckt","status":"publish","type":"product","link":"https:\/\/wm-sport.de\/en\/product\/autoschals-gedruckt\/","title":{"rendered":"Printed car scarves"},"content":{"rendered":"<p data-start=\"99\" data-end=\"140\"><strong data-start=\"99\" data-end=\"140\">Car print scarf - Compact &amp; colourful<\/strong><\/p>\n<p data-start=\"142\" data-end=\"161\"><strong data-start=\"142\" data-end=\"161\">Product details:<\/strong><\/p>\n<ul data-start=\"163\" data-end=\"491\">\n<li data-start=\"163\" data-end=\"235\">\n<p data-start=\"165\" data-end=\"235\"><strong data-start=\"165\" data-end=\"175\">Size:<\/strong> approx. 55 x 9 cm (plus fringes) - ideal for the car windscreen<\/p>\n<\/li>\n<li data-start=\"236\" data-end=\"303\">\n<p data-start=\"238\" data-end=\"303\"><strong data-start=\"238\" data-end=\"251\">Material:<\/strong> 100 % polyester - lightweight, robust and easy to clean<\/p>\n<\/li>\n<li data-start=\"304\" data-end=\"379\">\n<p data-start=\"306\" data-end=\"379\"><strong data-start=\"306\" data-end=\"334\">Brilliant colour reproduction<\/strong> - Also suitable for photos and colour gradients<\/p>\n<\/li>\n<li data-start=\"380\" data-end=\"436\">\n<p data-start=\"382\" data-end=\"436\"><strong data-start=\"382\" data-end=\"406\">Customised design<\/strong> with high attention to detail<\/p>\n<\/li>\n<li data-start=\"437\" data-end=\"491\">\n<p data-start=\"439\" data-end=\"491\"><strong data-start=\"439\" data-end=\"463\">Suction cups included<\/strong> For simple attachment<\/p>\n<\/li>\n<\/ul>","protected":false},"excerpt":{"rendered":"<p>Auto-Druckschal \u2013 Kompakt &amp; farbstark Produktdetails: Gr\u00f6\u00dfe: ca. 55 x 9 cm (zzgl. Fransen) \u2013 ideal f\u00fcr die Autoscheibe Material: 100 % Polyester \u2013 leicht, robust und pflegeleicht Brillante Farbwiedergabe \u2013 auch f\u00fcr Fotos und Farbverl\u00e4ufe geeignet Individuelles Design mit hoher Detailgenauigkeit Inklusive Saugn\u00e4pfen zur einfachen Befestigung<\/p>","protected":false},"featured_media":8367,"template":"","meta":[],"product_brand":[],"product_cat":[27],"product_tag":[65,63,64,62,60],"class_list":{"0":"post-6235","1":"product","2":"type-product","3":"status-publish","4":"has-post-thumbnail","6":"product_cat-individuelle-fanschals","7":"product_tag-autoschal","8":"product_tag-eventschal","9":"product_tag-individuell","10":"product_tag-polyesterschal","11":"product_tag-wm-sport","13":"first","14":"instock","15":"sold-individually","16":"taxable","17":"shipping-taxable","18":"purchasable","19":"product-type-variable"},"_links":{"self":[{"href":"https:\/\/wm-sport.de\/en\/wp-json\/wp\/v2\/product\/6235","targetHints":{"allow":["GET"]}}],"collection":[{"href":"https:\/\/wm-sport.de\/en\/wp-json\/wp\/v2\/product"}],"about":[{"href":"https:\/\/wm-sport.de\/en\/wp-json\/wp\/v2\/types\/product"}],"wp:featuredmedia":[{"embeddable":true,"href":"https:\/\/wm-sport.de\/en\/wp-json\/wp\/v2\/media\/8367"}],"wp:attachment":[{"href":"https:\/\/wm-sport.de\/en\/wp-json\/wp\/v2\/media?parent=6235"}],"wp:term":[{"taxonomy":"product_brand","embeddable":true,"href":"https:\/\/wm-sport.de\/en\/wp-json\/wp\/v2\/product_brand?post=6235"},{"taxonomy":"product_cat","embeddable":true,"href":"https:\/\/wm-sport.de\/en\/wp-json\/wp\/v2\/product_cat?post=6235"},{"taxonomy":"product_tag","embeddable":true,"href":"https:\/\/wm-sport.de\/en\/wp-json\/wp\/v2\/product_tag?post=6235"}],"curies":[{"name":"wp","href":"https:\/\/api.w.org\/{rel}","templated":true}]}}